{"id":360,"date":"2024-11-13T21:47:55","date_gmt":"2024-11-13T21:47:55","guid":{"rendered":"https:\/\/oxidizesolutions.com\/contact\/"},"modified":"2024-11-14T23:02:13","modified_gmt":"2024-11-14T23:02:13","slug":"contact","status":"publish","type":"page","link":"https:\/\/oxidizesolutions.com\/de\/kontakt\/","title":{"rendered":"Kontakt"},"content":{"rendered":"<div class=\"wp-block-uagb-container uagb-block-2225947e alignfull uagb-is-root-container\"><div class=\"uagb-container-inner-blocks-wrap\"><div class=\"wp-block-uagb-advanced-heading uagb-block-e75af158\"><h1 class=\"uagb-heading-text\">Nehmen Sie noch heute Kontakt mit Oxidize Solutions auf<\/h1><p class=\"uagb-desc-text\">Wir stehen Ihnen bei Anfragen jederzeit zur Verf\u00fcgung<\/p><\/div><\/div><\/div><div class=\"wp-block-uagb-container uagb-block-8c00198f default uagb-is-root-container\"><div class=\"wp-block-uagb-container uagb-block-f59f2d46\"><div class=\"wp-block-uagb-advanced-heading uagb-block-b2f9094a\"><h2 class=\"uagb-heading-text\">Senden Sie uns Ihre Nachricht oder Anfrage<\/h2><p class=\"uagb-desc-text\">Bitte f\u00fcllen Sie das nachstehende Formular aus, wenn Sie Fragen haben, eine Gro\u00dfbestellung aufgeben oder mehr \u00fcber unsere Produkte und Dienstleistungen erfahren m\u00f6chten.<\/p><\/div>\n\n\n<div class=\"wpcf7 no-js\" id=\"wpcf7-f841-o1\" lang=\"en-US\" dir=\"ltr\" data-wpcf7-id=\"841\">\n<div class=\"screen-reader-response\"><p role=\"status\" aria-live=\"polite\" aria-atomic=\"true\"><\/p> <ul><\/ul><\/div>\n<form action=\"\/de\/wp-json\/wp\/v2\/pages\/360#wpcf7-f841-o1\" method=\"post\" class=\"wpcf7-form init\" aria-label=\"Contact form\" novalidate=\"novalidate\" data-status=\"init\" data-trp-original-action=\"\/de\/wp-json\/wp\/v2\/pages\/360#wpcf7-f841-o1\">\n<div style=\"display: none;\">\n<input type=\"hidden\" name=\"_wpcf7\" value=\"841\" \/>\n<input type=\"hidden\" name=\"_wpcf7_version\" value=\"6.0.3\" \/>\n<input type=\"hidden\" name=\"_wpcf7_locale\" value=\"en_US\" \/>\n<input type=\"hidden\" name=\"_wpcf7_unit_tag\" value=\"wpcf7-f841-o1\" \/>\n<input type=\"hidden\" name=\"_wpcf7_container_post\" value=\"0\" \/>\n<input type=\"hidden\" name=\"_wpcf7_posted_data_hash\" value=\"\" \/>\n<\/div>\n<p><label> Ihr Name<br \/>\n<span class=\"wpcf7-form-control-wrap\" data-name=\"your-name\"><input size=\"40\" maxlength=\"400\" class=\"wpcf7-form-control wpcf7-text wpcf7-validates-as-required\" autocomplete=\"name\" aria-required=\"true\" aria-invalid=\"false\" value=\"\" type=\"text\" name=\"your-name\" \/><\/span> <\/label>\n<\/p>\n<p><label> Deine E-Mail<br \/>\n<span class=\"wpcf7-form-control-wrap\" data-name=\"your-email\"><input size=\"40\" maxlength=\"400\" class=\"wpcf7-form-control wpcf7-email wpcf7-validates-as-required wpcf7-text wpcf7-validates-as-email\" autocomplete=\"email\" aria-required=\"true\" aria-invalid=\"false\" value=\"\" type=\"email\" name=\"your-email\" \/><\/span> <\/label>\n<\/p>\n<p><label> Thema<br \/>\n<span class=\"wpcf7-form-control-wrap\" data-name=\"your-subject\"><input size=\"40\" maxlength=\"400\" class=\"wpcf7-form-control wpcf7-text wpcf7-validates-as-required\" aria-required=\"true\" aria-invalid=\"false\" value=\"\" type=\"text\" name=\"your-subject\" \/><\/span> <\/label>\n<\/p>\n<p><label> Ihre Nachricht (optional)<br \/>\n<span class=\"wpcf7-form-control-wrap\" data-name=\"your-message\"><textarea cols=\"40\" rows=\"10\" maxlength=\"2000\" class=\"wpcf7-form-control wpcf7-textarea\" aria-invalid=\"false\" name=\"your-message\"><\/textarea><\/span> <\/label>\n<\/p>\n<p><input class=\"wpcf7-form-control wpcf7-submit has-spinner\" type=\"submit\" value=\"Einreichen\" \/>\n<\/p><div class=\"wpcf7-response-output\" aria-hidden=\"true\"><\/div>\n<input type=\"hidden\" name=\"trp-form-language\" value=\"de\"\/><\/form>\n<\/div>\n<\/div>\n\n<div class=\"wp-block-uagb-container uagb-layout-grid uagb-block-52b0da4b alignfull uagb-is-root-container\"><div class=\"uagb-container-inner-blocks-wrap\"><\/div><\/div><\/div><div class=\"wp-block-uagb-container uagb-block-4d9f1c9f alignfull uagb-is-root-container\"><div class=\"uagb-container-inner-blocks-wrap\"><div class=\"wp-block-uagb-container uagb-block-d9bc673c\"><div class=\"wp-block-uagb-info-box uagb-block-833e209d uagb-infobox__content-wrap  uagb-infobox-icon-above-title uagb-infobox-image-valign-top\"><div class=\"uagb-ifb-content\"><div class=\"uagb-ifb-title-wrap\"><p class=\"uagb-ifb-title-prefix\">Werden Sie Mitglied unserer Gemeinschaft<\/p><h2 class=\"uagb-ifb-title\">Starten Sie jetzt Ihre Gro\u00dfbestellung!<\/h2><\/div><p class=\"uagb-ifb-desc\">Wenden Sie sich noch heute an uns, um sich \u00fcber Gro\u00dfeink\u00e4ufe zu erkundigen und unseren erstklassigen Service und unsere Produkte kennenzulernen.<\/p><div class=\"uagb-ifb-button-wrapper wp-block-button\"><a href=\"https:\/\/oxidizesolutions.com\/de\/shop\/\" class=\"uagb-infobox-cta-link wp-block-button__link\" target=\"_self\" rel=\"noopener noreferrer\" onclick=\"return true;\"><span class=\"uagb-inline-editing\">Jetzt einkaufen<\/span><\/a><\/div><\/div><\/div><\/div><\/div><\/div>","protected":false},"excerpt":{"rendered":"<p>Get in Touch with Oxidize Solutions Today We\u2019re here to assist you with inquiries anytime Send Us Your Message or [&hellip;]<\/p>","protected":false},"author":1,"featured_media":0,"parent":0,"menu_order":0,"comment_status":"closed","ping_status":"closed","template":"","meta":{"_surecart_dashboard_logo_width":"180px","_surecart_dashboard_show_logo":true,"_surecart_dashboard_navigation_orders":true,"_surecart_dashboard_navigation_invoices":true,"_surecart_dashboard_navigation_subscriptions":true,"_surecart_dashboard_navigation_downloads":true,"_surecart_dashboard_navigation_billing":true,"_surecart_dashboard_navigation_account":true,"_uag_custom_page_level_css":"","site-sidebar-layout":"default","site-content-layout":"","ast-site-content-layout":"","site-content-style":"default","site-sidebar-style":"default","ast-global-header-display":"","ast-banner-title-visibility":"","ast-main-header-display":"","ast-hfb-above-header-display":"","ast-hfb-below-header-display":"","ast-hfb-mobile-header-display":"","site-post-title":"disabled","ast-breadcrumbs-content":"","ast-featured-img":"","footer-sml-layout":"","theme-transparent-header-meta":"enabled","adv-header-id-meta":"","stick-header-meta":"","header-above-stick-meta":"","header-main-stick-meta":"","header-below-stick-meta":"","astra-migrate-meta-layouts":"default","ast-page-background-enabled":"default","ast-page-background-meta":{"desktop":{"background-color":"var(--ast-global-color-4)","background-image":"","background-repeat":"repeat","background-position":"center center","background-size":"auto","background-attachment":"scroll","background-type":"","background-media":"","overlay-type":"","overlay-color":"","overlay-opacity":"","overlay-gradient":""},"tablet":{"background-color":"","background-image":"","background-repeat":"repeat","background-position":"center center","background-size":"auto","background-attachment":"scroll","background-type":"","background-media":"","overlay-type":"","overlay-color":"","overlay-opacity":"","overlay-gradient":""},"mobile":{"background-color":"","background-image":"","background-repeat":"repeat","background-position":"center center","background-size":"auto","background-attachment":"scroll","background-type":"","background-media":"","overlay-type":"","overlay-color":"","overlay-opacity":"","overlay-gradient":""}},"ast-content-background-meta":{"desktop":{"background-color":"var(--ast-global-color-5)","background-image":"","background-repeat":"repeat","background-position":"center center","background-size":"auto","background-attachment":"scroll","background-type":"","background-media":"","overlay-type":"","overlay-color":"","overlay-opacity":"","overlay-gradient":""},"tablet":{"background-color":"var(--ast-global-color-5)","background-image":"","background-repeat":"repeat","background-position":"center center","background-size":"auto","background-attachment":"scroll","background-type":"","background-media":"","overlay-type":"","overlay-color":"","overlay-opacity":"","overlay-gradient":""},"mobile":{"background-color":"var(--ast-global-color-5)","background-image":"","background-repeat":"repeat","background-position":"center center","background-size":"auto","background-attachment":"scroll","background-type":"","background-media":"","overlay-type":"","overlay-color":"","overlay-opacity":"","overlay-gradient":""}},"footnotes":""},"class_list":["post-360","page","type-page","status-publish","hentry"],"yoast_head":"<!-- This site is optimized with the Yoast SEO Premium plugin v24.1 (Yoast SEO v24.4) - https:\/\/yoast.com\/wordpress\/plugins\/seo\/ -->\n<title>Contact - Oxidize Solutions<\/title>\n<meta name=\"robots\" content=\"index, follow, max-snippet:-1, max-image-preview:large, max-video-preview:-1\" \/>\n<link rel=\"canonical\" href=\"https:\/\/oxidizesolutions.com\/de\/kontakt\/\" \/>\n<meta property=\"og:locale\" content=\"de_DE\" \/>\n<meta property=\"og:type\" content=\"article\" \/>\n<meta property=\"og:title\" content=\"Contact\" \/>\n<meta property=\"og:description\" content=\"Get in Touch with Oxidize Solutions Today We\u2019re here to assist you with inquiries anytime Send Us Your Message or [&hellip;]\" \/>\n<meta property=\"og:url\" content=\"https:\/\/oxidizesolutions.com\/de\/kontakt\/\" \/>\n<meta property=\"og:site_name\" content=\"Oxidize Solutions\" \/>\n<meta property=\"article:modified_time\" content=\"2024-11-14T23:02:13+00:00\" \/>\n<meta name=\"twitter:card\" content=\"summary_large_image\" \/>\n<meta name=\"twitter:label1\" content=\"Gesch\u00e4tzte Lesezeit\" \/>\n\t<meta name=\"twitter:data1\" content=\"1\u00a0Minute\" \/>\n<script type=\"application\/ld+json\" class=\"yoast-schema-graph\">{\"@context\":\"https:\/\/schema.org\",\"@graph\":[{\"@type\":\"WebPage\",\"@id\":\"https:\/\/oxidizesolutions.com\/contact\/\",\"url\":\"https:\/\/oxidizesolutions.com\/contact\/\",\"name\":\"Contact - Oxidize Solutions\",\"isPartOf\":{\"@id\":\"https:\/\/oxidizesolutions.com\/#website\"},\"datePublished\":\"2024-11-13T21:47:55+00:00\",\"dateModified\":\"2024-11-14T23:02:13+00:00\",\"breadcrumb\":{\"@id\":\"https:\/\/oxidizesolutions.com\/contact\/#breadcrumb\"},\"inLanguage\":\"de\",\"potentialAction\":[{\"@type\":\"ReadAction\",\"target\":[\"https:\/\/oxidizesolutions.com\/contact\/\"]}]},{\"@type\":\"BreadcrumbList\",\"@id\":\"https:\/\/oxidizesolutions.com\/contact\/#breadcrumb\",\"itemListElement\":[{\"@type\":\"ListItem\",\"position\":1,\"name\":\"Home\",\"item\":\"https:\/\/oxidizesolutions.com\/\"},{\"@type\":\"ListItem\",\"position\":2,\"name\":\"Contact\"}]},{\"@type\":\"WebSite\",\"@id\":\"https:\/\/oxidizesolutions.com\/#website\",\"url\":\"https:\/\/oxidizesolutions.com\/\",\"name\":\"Oxidize Solutions\",\"description\":\"\",\"publisher\":{\"@id\":\"https:\/\/oxidizesolutions.com\/#organization\"},\"potentialAction\":[{\"@type\":\"SearchAction\",\"target\":{\"@type\":\"EntryPoint\",\"urlTemplate\":\"https:\/\/oxidizesolutions.com\/?s={search_term_string}\"},\"query-input\":{\"@type\":\"PropertyValueSpecification\",\"valueRequired\":true,\"valueName\":\"search_term_string\"}}],\"inLanguage\":\"de\"},{\"@type\":\"Organization\",\"@id\":\"https:\/\/oxidizesolutions.com\/#organization\",\"name\":\"Oxidize Solutions\",\"url\":\"https:\/\/oxidizesolutions.com\/\",\"logo\":{\"@type\":\"ImageObject\",\"inLanguage\":\"de\",\"@id\":\"https:\/\/oxidizesolutions.com\/#\/schema\/logo\/image\/\",\"url\":\"https:\/\/oxidizesolutions.com\/wp-content\/uploads\/2024\/11\/Untitled-design-4.png\",\"contentUrl\":\"https:\/\/oxidizesolutions.com\/wp-content\/uploads\/2024\/11\/Untitled-design-4.png\",\"width\":100,\"height\":100,\"caption\":\"Oxidize Solutions\"},\"image\":{\"@id\":\"https:\/\/oxidizesolutions.com\/#\/schema\/logo\/image\/\"}}]}<\/script>\n<!-- \/ Yoast SEO Premium plugin. -->","yoast_head_json":{"title":"Contact - Oxidize Solutions","robots":{"index":"index","follow":"follow","max-snippet":"max-snippet:-1","max-image-preview":"max-image-preview:large","max-video-preview":"max-video-preview:-1"},"canonical":"https:\/\/oxidizesolutions.com\/de\/kontakt\/","og_locale":"de_DE","og_type":"article","og_title":"Contact","og_description":"Get in Touch with Oxidize Solutions Today We\u2019re here to assist you with inquiries anytime Send Us Your Message or [&hellip;]","og_url":"https:\/\/oxidizesolutions.com\/de\/kontakt\/","og_site_name":"Oxidize Solutions","article_modified_time":"2024-11-14T23:02:13+00:00","twitter_card":"summary_large_image","twitter_misc":{"Gesch\u00e4tzte Lesezeit":"1\u00a0Minute"},"schema":{"@context":"https:\/\/schema.org","@graph":[{"@type":"WebPage","@id":"https:\/\/oxidizesolutions.com\/contact\/","url":"https:\/\/oxidizesolutions.com\/contact\/","name":"Contact - Oxidize Solutions","isPartOf":{"@id":"https:\/\/oxidizesolutions.com\/#website"},"datePublished":"2024-11-13T21:47:55+00:00","dateModified":"2024-11-14T23:02:13+00:00","breadcrumb":{"@id":"https:\/\/oxidizesolutions.com\/contact\/#breadcrumb"},"inLanguage":"de","potentialAction":[{"@type":"ReadAction","target":["https:\/\/oxidizesolutions.com\/contact\/"]}]},{"@type":"BreadcrumbList","@id":"https:\/\/oxidizesolutions.com\/contact\/#breadcrumb","itemListElement":[{"@type":"ListItem","position":1,"name":"Home","item":"https:\/\/oxidizesolutions.com\/"},{"@type":"ListItem","position":2,"name":"Contact"}]},{"@type":"WebSite","@id":"https:\/\/oxidizesolutions.com\/#website","url":"https:\/\/oxidizesolutions.com\/","name":"Oxidize Solutions","description":"","publisher":{"@id":"https:\/\/oxidizesolutions.com\/#organization"},"potentialAction":[{"@type":"SearchAction","target":{"@type":"EntryPoint","urlTemplate":"https:\/\/oxidizesolutions.com\/?s={search_term_string}"},"query-input":{"@type":"PropertyValueSpecification","valueRequired":true,"valueName":"search_term_string"}}],"inLanguage":"de"},{"@type":"Organization","@id":"https:\/\/oxidizesolutions.com\/#organization","name":"Oxidize Solutions","url":"https:\/\/oxidizesolutions.com\/","logo":{"@type":"ImageObject","inLanguage":"de","@id":"https:\/\/oxidizesolutions.com\/#\/schema\/logo\/image\/","url":"https:\/\/oxidizesolutions.com\/wp-content\/uploads\/2024\/11\/Untitled-design-4.png","contentUrl":"https:\/\/oxidizesolutions.com\/wp-content\/uploads\/2024\/11\/Untitled-design-4.png","width":100,"height":100,"caption":"Oxidize Solutions"},"image":{"@id":"https:\/\/oxidizesolutions.com\/#\/schema\/logo\/image\/"}}]}},"uagb_featured_image_src":{"full":false,"thumbnail":false,"medium":false,"medium_large":false,"large":false,"1536x1536":false,"2048x2048":false,"trp-custom-language-flag":false,"woocommerce_thumbnail":false,"woocommerce_single":false,"woocommerce_gallery_thumbnail":false},"uagb_author_info":{"display_name":"admin","author_link":"https:\/\/oxidizesolutions.com\/de\/author\/admin\/"},"uagb_comment_info":0,"uagb_excerpt":"Get in Touch with Oxidize Solutions Today We\u2019re here to assist you with inquiries anytime Send Us Your Message or [&hellip;]","_links":{"self":[{"href":"https:\/\/oxidizesolutions.com\/de\/wp-json\/wp\/v2\/pages\/360","targetHints":{"allow":["GET"]}}],"collection":[{"href":"https:\/\/oxidizesolutions.com\/de\/wp-json\/wp\/v2\/pages"}],"about":[{"href":"https:\/\/oxidizesolutions.com\/de\/wp-json\/wp\/v2\/types\/page"}],"author":[{"embeddable":true,"href":"https:\/\/oxidizesolutions.com\/de\/wp-json\/wp\/v2\/users\/1"}],"replies":[{"embeddable":true,"href":"https:\/\/oxidizesolutions.com\/de\/wp-json\/wp\/v2\/comments?post=360"}],"version-history":[{"count":5,"href":"https:\/\/oxidizesolutions.com\/de\/wp-json\/wp\/v2\/pages\/360\/revisions"}],"predecessor-version":[{"id":842,"href":"https:\/\/oxidizesolutions.com\/de\/wp-json\/wp\/v2\/pages\/360\/revisions\/842"}],"wp:attachment":[{"href":"https:\/\/oxidizesolutions.com\/de\/wp-json\/wp\/v2\/media?parent=360"}],"curies":[{"name":"wp","href":"https:\/\/api.w.org\/{rel}","templated":true}]}}